{"id":2993,"date":"2025-01-06T13:11:13","date_gmt":"2025-01-06T13:11:13","guid":{"rendered":"https:\/\/trigonproperty.com\/?page_id=2993"},"modified":"2025-01-06T20:02:29","modified_gmt":"2025-01-06T20:02:29","slug":"privaatsus","status":"publish","type":"page","link":"https:\/\/trigonproperty.com\/et\/privaatsus\/","title":{"rendered":"Privaatsuspoliitika"},"content":{"rendered":"\t\t<div data-elementor-type=\"wp-page\" data-elementor-id=\"2993\" class=\"elementor elementor-2993 elementor-3\">\n\t\t\t\t<div class=\"elementor-element elementor-element-2b54b710 e-flex e-con-boxed e-con e-parent\" data-id=\"2b54b710\" data-element_type=\"container\" data-e-type=\"container\" data-settings=\"{&quot;background_background&quot;:&quot;classic&quot;}\">\n\t\t\t\t\t<div class=\"e-con-inner\">\n\t\t\t\t<div class=\"elementor-element elementor-element-f5b0837 elementor-widget elementor-widget-heading\" data-id=\"f5b0837\" data-element_type=\"widget\" data-e-type=\"widget\" data-widget_type=\"heading.default\">\n\t\t\t\t<div class=\"elementor-widget-container\">\n\t\t\t\t\t<h2 class=\"elementor-heading-title elementor-size-default\">Privaatsuspoliitika<\/h2>\t\t\t\t<\/div>\n\t\t\t\t<\/div>\n\t\t\t\t<div class=\"elementor-element elementor-element-3e618f2c elementor-widget elementor-widget-text-editor\" data-id=\"3e618f2c\" data-element_type=\"widget\" data-e-type=\"widget\" data-widget_type=\"text-editor.default\">\n\t\t\t\t<div class=\"elementor-widget-container\">\n\t\t\t\t\t\t\t\t\t<p><strong>Privaatsuspoliitika<\/strong> (edaspidi \u201eReeglid\u201c) reguleerib isikuandmete t\u00f6\u00f6tlemist AS Trigon Property Developmenti ja Trigon Capital Groupi kuuluvate ettev\u00f5tete (edaspidi \u00fchiselt \u201eTrigon\u201c) poolt. Me hindame privaatsust ja isikuandmete kaitset ning j\u00e4rgime isikuandmete t\u00f6\u00f6tlemise p\u00f5him\u00f5tteid, mis on s\u00e4testatud k\u00e4esolevas privaatsuspoliitikas. Privaatsuspoliitika selgitab, kuidas me kogume ja kasutame isikuandmeid, sealhulgas veebilehe <a href=\"https:\/\/trigonproperty.com\/\" target=\"_new\" rel=\"noopener\">https:\/\/trigonproperty.com\/<\/a> kaudu.<\/p><h3>\u00a0<\/h3><h3><strong>1. M\u00f5isted ja definitsioonid<\/strong><\/h3><p>1.1. <strong>Isikuandmed<\/strong> \u2013 igasugune teave tuvastatud v\u00f5i tuvastatava f\u00fc\u00fcsilise isiku kohta. Tuvastatav f\u00fc\u00fcsiline isik on isik, keda saab otseselt v\u00f5i kaudselt tuvastada n\u00e4iteks nime, isikukoodi, asukohateabe, veebitunnuse v\u00f5i \u00fche v\u00f5i mitme f\u00fc\u00fcsilise, f\u00fcsioloogilise, geneetilise, vaimse, majandusliku, kultuurilise v\u00f5i sotsiaalse tunnuse alusel.<br \/>1.2. <strong>Isikuandmete t\u00f6\u00f6tlemine<\/strong> \u2013 igasugune isikuandmetega tehtav toiming v\u00f5i toimingute kogum, mis toimub automaatselt v\u00f5i muul viisil, sealhulgas kogumine, salvestamine, organiseerimine, struktureerimine, s\u00e4ilitamine, kohandamine, muutmine, p\u00e4ringute tegemine, kasutamine, edastamine, levitamine, k\u00e4ttesaadavaks tegemine, kombineerimine, piiramise kehtestamine, kustutamine v\u00f5i h\u00e4vitamine.<br \/>1.3. <strong>Klient<\/strong> \u2013 iga f\u00fc\u00fcsiline v\u00f5i juriidiline isik, kes kasutab, on kasutanud v\u00f5i on avaldanud huvi Trigoni teenuste vastu, sealhulgas isik, kes on omandanud v\u00f5i avaldanud huvi investeerimisfondi osakute omandamise vastu.<br \/>1.4. <strong>Vastutav t\u00f6\u00f6tleja<\/strong> \u2013 f\u00fc\u00fcsiline v\u00f5i juriidiline isik, avalik asutus, agentuur v\u00f5i muu organ, kes \u00fcksinda v\u00f5i koos teistega m\u00e4\u00e4rab kindlaks isikuandmete t\u00f6\u00f6tlemise eesm\u00e4rgid ja vahendid.<br \/>1.5. <strong>Kolmas isik<\/strong> \u2013 iga isik, kes ei ole Trigoni klient, t\u00f6\u00f6taja ega Trigoni grupi t\u00f6\u00f6taja.<br \/>1.6. <strong>T\u00f6\u00f6tleja<\/strong> \u2013 f\u00fc\u00fcsiline v\u00f5i juriidiline isik, avalik asutus, agentuur v\u00f5i muu organ, kes t\u00f6\u00f6tleb isikuandmeid vastutava t\u00f6\u00f6tleja nimel.<br \/>1.7. <strong>Isikuandmete rikkumine<\/strong> \u2013 turvalisuse rikkumine, mis viib juhusliku v\u00f5i ebaseadusliku isikuandmete h\u00e4vimiseni, kaotsimineku, muutmiseni, loata avalikustamiseni v\u00f5i juurdep\u00e4\u00e4suni.<\/p><h3>\u00a0<\/h3><h3><strong>2. P\u00f5him\u00f5tted<\/strong><\/h3><p>2.1. Trigon ja meie t\u00f6\u00f6tlejad t\u00f6\u00f6tlevad isikuandmeid, j\u00e4rgides j\u00e4rgmisi p\u00f5him\u00f5tteid:<br \/>2.1.1. <strong>\u00d5igusp\u00e4rasus, ausus ja l\u00e4bipaistvus<\/strong> \u2013 andmete t\u00f6\u00f6tlemine on \u00f5igusp\u00e4rane, aus ja andmesubjektile l\u00e4bipaistev.<br \/>2.1.2. <strong>Eesm\u00e4rgip\u00e4rasus<\/strong> \u2013 andmeid kogutakse kindlaksm\u00e4\u00e4ratud, selgelt v\u00e4ljendatud ja seaduslike eesm\u00e4rkide jaoks ega t\u00f6\u00f6delda viisil, mis ei ole nende eesm\u00e4rkidega koosk\u00f5las.<br \/>2.1.3. <strong>Andmete minimeerimine<\/strong> \u2013 andmeid t\u00f6\u00f6deldakse ulatuses, mis on eesm\u00e4rkide saavutamiseks vajalik.<br \/>2.1.4. <strong>\u00d5igsus<\/strong> \u2013 isikuandmed on t\u00e4psed ja vajadusel ajakohased; v\u00f5tame k\u00f5ik m\u00f5istlikud meetmed, et parandada ebat\u00e4psed andmed.<br \/>2.1.5. <strong>S\u00e4ilitamise piiramine<\/strong> \u2013 isikuandmeid hoitakse kujul, mis v\u00f5imaldab andmesubjekti tuvastamist ainult seni, kuni see on vajalik.<br \/>2.1.6. <strong>Terviklikkus ja konfidentsiaalsus<\/strong> \u2013 isikuandmeid t\u00f6\u00f6deldakse viisil, mis tagab nende turvalisuse, sealhulgas kaitse loata v\u00f5i ebaseadusliku t\u00f6\u00f6tlemise ja juhusliku kaotsimineku, h\u00e4vimise v\u00f5i kahjustamise eest.<\/p><h3>\u00a0<\/h3><h3><strong>3. T\u00f6\u00f6tlemise turvalisus<\/strong><\/h3><p>3.1. Trigon rakendab isikuandmete kaitseks vajalikke ja riskile vastavaid organisatsioonilisi, f\u00fc\u00fcsilisi ja tehnoloogilisi meetmeid. Need h\u00f5lmavad reegleid t\u00f6\u00f6tajatele, andmehaldusele ja IT-infrastruktuurile.<br \/>3.2. K\u00f5ik t\u00f6\u00f6tajad, kes t\u00f6\u00f6tlevad isikuandmeid, on saanud vastava koolituse ja juhised.<br \/>3.3. Trigon kasutab t\u00f6\u00f6tlejaid, kes t\u00f6\u00f6tlevad isikuandmeid vastavalt meie juhistele ja kohaldatavale \u00f5igusele.<\/p><h3>\u00a0<\/h3><h3><strong>4. T\u00f6\u00f6tlemise \u00f5iguslik alus<\/strong><\/h3><p>4.1. Trigon t\u00f6\u00f6tleb isikuandmeid lepingu t\u00e4itmise tagamiseks, \u00f5iguslike kohustuste t\u00e4itmiseks, \u00f5igustatud huvi alusel v\u00f5i andmesubjekti n\u00f5usoleku p\u00f5hjal.<\/p><p>4.2. Trigon t\u00f6\u00f6tleb isikuandmeid lepingu t\u00e4itmiseks, et:<br \/>4.2.1. kontrollida ja vajadusel parandada ja\/v\u00f5i t\u00e4iendada ning ajakohastada Kliendi esitatud isikuandmeid;<br \/>4.2.2. tuvastada ja autentida f\u00fc\u00fcsilist isikut;<br \/>4.2.3. osutada fondihaldusteenuseid ning v\u00f5imaldada Klientidel osta ja m\u00fc\u00fca fondiosakuid;<br \/>4.2.4. m\u00e4\u00e4rata teenustasude suurus;<br \/>4.2.5. tagada lepingu t\u00e4itmine (nt v\u00f5lgade sissen\u00f5udmise protseduurid, v\u00f5lgade meeldetuletuste saatmine);<br \/>4.2.6. kaitsta Trigoni ja\/v\u00f5i Kliendi huve;<br \/>4.2.7. v\u00e4ltida kahju tekkimist Trigonile.<\/p><p>4.3. Trigon t\u00f6\u00f6tleb isikuandmeid \u00f5iguslike kohustuste t\u00e4itmiseks, et:<br \/>4.3.1. teha otsuseid, kas ja millistel tingimustel Kliendile teenuseid osutada;<br \/>4.3.2. tuvastada Klient ja hinnata Kliendi usaldusv\u00e4\u00e4rsust;<br \/>4.3.3. v\u00e4hendada ja v\u00e4ltida riske;<br \/>4.3.4. t\u00f5kestada rahapesu ja terrorismi rahastamist ning t\u00e4ita seadustes v\u00f5i j\u00e4relevalveasutuste ja ekspertide soovitustes s\u00e4testatud n\u00f5udeid;<br \/>4.3.5. t\u00e4ita seadusest tulenevaid kohustusi (sealhulgas teabe edastamine Finantsinspektsioonile, \u00f5iguskaitseorganitele, notaritele v\u00f5i Maksu- ja Tolliametile);<br \/>4.3.6. jagada Kliendi isikuandmeid Eesti ja Euroopa Liidu ning EMP krediidi- ja finantseerimisasutuste ning finantsvahendajatega.<\/p><p>4.4. Trigon t\u00f6\u00f6tleb isikuandmeid \u00f5igustatud huvi alusel, et:<br \/>4.4.1. edastada Klientidele (fondiinvestoritele) teavet fondi tootluse kohta;<br \/>4.4.2. j\u00e4lgida, arendada ja hallata Trigon Grupi IT-s\u00fcsteeme ja tarkvara;<br \/>4.4.3. viia l\u00e4bi statistilist ja finantsanal\u00fc\u00fcsi.<\/p><p>4.5. Trigon t\u00f6\u00f6tleb isikuandmeid andmesubjekti n\u00f5usoleku alusel, et:<br \/>4.5.1. pakkuda Kliendile Trigoni teenuseid ja tooteid (nt uute teenuste v\u00f5i toodete tutvustamine);<br \/>4.5.2. edastada Kliendile teavet Trigoni teenuste ja toodete uuenduste kohta.<\/p><h3>\u00a0<\/h3><h3><strong>5. Isikuandmete t\u00fc\u00fcbid<\/strong><\/h3><p>5.1. Trigon v\u00f5ib Kliendi isikuandmeid koguda Kliendilt endalt v\u00f5i v\u00e4lisallikatest, n\u00e4iteks avalikest ja erasektori andmebaasidest v\u00f5i muudelt kolmandatelt isikutelt.<\/p><p>5.2. Trigon v\u00f5ib koguda ja t\u00f6\u00f6delda j\u00e4rgmisi Kliendi isikuandmeid:<br \/>5.2.1. Kliendi isikusamasuse andmed (nt nimi, s\u00fcnniaeg v\u00f5i isikukood, isikut t\u00f5endava dokumendi andmed, n\u00e4iteks passi v\u00f5i ID-kaardi koopia);<br \/>5.2.2. Kliendi kontaktandmed (nt aadress, telefoninumber, e-posti aadress, eelistatud keel);<br \/>5.2.3. Kliendi maksuresidentsuse andmed (nt elukohariik, maksukohustuslase number, kodakondsus);<br \/>5.2.4. Kliendi tegevusvaldkond, haridusasutus v\u00f5i amet;<br \/>5.2.5. Kliendi finantsandmed (nt sissetulekud, varad, kohustused);<br \/>5.2.6. Kliendi tehingud, tehingupartnerid ja sellega seotud lepingud ning teave lepingute t\u00e4itmise v\u00f5i t\u00e4itmata j\u00e4tmise kohta;<br \/>5.2.7. Kliendi eelistused, k\u00e4itumine ja rahulolu (nt andmed teenuste kasutamise aktiivsuse kohta, kasutatud teenused, Kliendi kaebused);<br \/>5.2.8. Kliendi vara allikad (nt t\u00f6\u00f6andja, tegevusvaldkond, tehingupartnerid, \u00e4ritegevus);<br \/>5.2.9. Kliendi usaldusv\u00e4\u00e4rsuse andmed (nt teave lepingute t\u00e4itmise v\u00f5i t\u00e4itmata j\u00e4tmise kohta, Trigonile v\u00f5i teistele isikutele tekitatud kahju, seosed rahapesu, terrorismi rahastamise v\u00f5i kriminaaltegevusega);<br \/>5.2.10. seadusest tulenevate kohustuste t\u00e4itmisega kogutud andmed (nt teave \u00f5iguskaitseasutuste, notarite, maksuameti, kohtute, kohtut\u00e4iturite, pankrotihaldurite jms p\u00e4ringute kohta);<br \/>5.2.11. Veebilehe andmed: teave veebik\u00fclastajate sessioonide kohta, k\u00fcpsised, logid ja IP-aadressid.<\/p><h3>\u00a0<\/h3><h3><strong>6. Vastutav t\u00f6\u00f6tleja v\u00f5i volitatud t\u00f6\u00f6tleja ning andmete kogumine<\/strong><\/h3><p>6.1. Trigon v\u00f5ib olla erinevates andmet\u00f6\u00f6tlustoimingutes vastutav t\u00f6\u00f6tleja v\u00f5i volitatud t\u00f6\u00f6tleja. Andmesubjektide privaatsuse tagamiseks j\u00e4rgib Trigon konfidentsiaalsuse p\u00f5him\u00f5tteid ja piirab isikuandmete avalikustamist rangelt.<\/p><p>6.2. Ainult Trigoni volitatud isikutel on \u00f5igus isikuandmeid muuta ja t\u00f6\u00f6delda.<\/p><p>6.3. Trigon t\u00f6\u00f6tleb isikuandmeid, mis on saadud otse andmesubjektilt (st isikult, kes on isikuandmed esitanud), v\u00f5i kaudselt Kliendilt, kes on juriidiline isik. Kaudselt saadud isikuandmeid t\u00f6\u00f6tleb Trigon ainult seaduses s\u00e4testatud korras.<\/p><h3>\u00a0<\/h3><h3><strong>7. Isikuandmete edastamine kolmandatele isikutele<\/strong><\/h3><p>7.1. Trigon v\u00f5ib avaldada v\u00f5i edastada isikuandmeid j\u00e4rgmistele kolmandatele isikutele ja andmet\u00f6\u00f6tlejatele, rangelt piiratud ulatuses ja ainult eesm\u00e4rgip\u00e4raselt:<br \/>7.1.1. teistele Trigoni grupi ettev\u00f5tetele;<br \/>7.1.2. Eesti ja v\u00e4lisriikide isikutele, kes on seotud lepingu t\u00e4itmisega Kliendiga;<br \/>7.1.3. Trigoni audiitoritele, juriidilistele n\u00f5ustajatele ja teistele teenusepakkujatele, kes vajavad Kliendi isikuandmeid oma vastavate teenuste osutamiseks, sealhulgas postiteenuse osutajad;<br \/>7.1.4. teenusepakkujatele, kellele Trigon on delegeerinud k\u00f5ik v\u00f5i osa oma p\u00f5hitegevustest v\u00f5i p\u00f5hitegevust otseselt toetavatest tegevustest (nt investeerimisfondi osakute registri haldamine, tehingute sooritamine osakutega) vastavalt seaduses s\u00e4testatud tingimustele;<br \/>7.1.5. andmebaasi halduritele, kellele Trigon edastab Kliendi isikuandmeid seaduse alusel;<br \/>7.1.6. avalike andmebaaside halduritele p\u00e4ringute tegemiseks;<br \/>7.1.7. isikuandmete t\u00f6\u00f6tlejatele;<br \/>7.1.8. \u00f5iguskaitseasutustele, Finantsinspektsioonile, Rahapesu Andmeb\u00fcroole v\u00f5i teistele isikutele seadusest tuleneva kohustuse t\u00e4itmiseks;<br \/>7.1.9. Trigoni finantsn\u00f5ustajatele v\u00f5i teistele teenusepakkujatele, kes vajavad Kliendi isikuandmeid Trigonile sujuvate teenuste osutamiseks, eeldusel, et need isikud t\u00e4idavad Trigoni kehtestatud organisatsioonilisi, f\u00fc\u00fcsilisi ja IT-turvalisuse n\u00f5udeid Kliendi isikuandmete konfidentsiaalsuse ja turvalisuse tagamiseks.<\/p><p>7.2. Trigon avaldab Kliendi isikuandmeid kolmandatele isikutele ainult ulatuses, mis on vajalik Reeglite punkti 4 eesm\u00e4rkide saavutamiseks.<\/p><h3>\u00a0<\/h3><h3><strong>8. Andmete edastamine v\u00e4lisriikidesse<\/strong><\/h3><p>8.1. Kliendi isikuandmeid t\u00f6\u00f6deldakse Euroopa Liidu v\u00f5i Euroopa Majanduspiirkonna (EL\/EMP) liikmesriikides, kus on tagatud piisav andmekaitse tase.<\/p><p>8.2. Kliendi isikuandmeid v\u00f5ib edastada EL\/EMP-v\u00e4listesse riikidesse j\u00e4rgmistel tingimustel:<\/p><ul><li>kui kolmas isik n\u00f5uab seaduse v\u00f5i selle alusel antud \u00f5igusakti alusel avalike \u00fclesannete t\u00e4itmisel saadud v\u00f5i loodud andmeid, mis ei sisalda tundlikke isikuandmeid;<\/li><li>kui Euroopa Komisjon on vastava EL\/EMP-v\u00e4lise riigi kohta teinud piisavusotsuse;<\/li><li>kui vastuv\u00f5tja Ameerika \u00dchendriikides on \u00fchinenud ELi-USA privaatsuskilbi raamistikuga;<\/li><li>kui Andmekaitse Inspektsioon on andmete edastamiseks loa andnud.<\/li><\/ul><h3>\u00a0<\/h3><h3><strong>9. Isikuandmete s\u00e4ilitamine<\/strong><\/h3><p>9.1. Trigon s\u00e4ilitab isikuandmeid ainult seni, kuni see on vajalik isikuandmete t\u00f6\u00f6tlemise eesm\u00e4rgi t\u00e4itmiseks, v\u00e4lja arvatud juhul, kui kohaldatav \u00f5igus s\u00e4testab teisiti. Isikuandmeid s\u00e4ilitatakse j\u00e4rgmiselt:<br \/>9.1.1. raamatupidamisdokumente s\u00e4ilitatakse 7 aastat vastavalt raamatupidamise seadusele;<br \/>9.1.2. rahapesu ja terrorismi rahastamise t\u00f5kestamise seaduse alusel kogutud andmeid s\u00e4ilitatakse 5 aastat p\u00e4rast \u00e4risuhte l\u00f5ppemist;<br \/>9.1.3. muid andmeid s\u00e4ilitab Trigon kuni isikuandmete t\u00f6\u00f6tlemise inventuuris m\u00e4\u00e4ratud vastava s\u00e4ilitust\u00e4htaja l\u00f5puni;<br \/>9.1.4. Trigon h\u00e4vitab ja\/v\u00f5i kustutab turvaliselt k\u00f5ik isikuandmed, mille eesm\u00e4rk on t\u00e4idetud v\u00f5i mille s\u00e4ilitust\u00e4htaeg on l\u00f5ppenud.<\/p><h3>\u00a0<\/h3><h3><strong>10. Erakliendi \u00f5igused<\/strong><\/h3><p>10.1. Erakliendil on seoses oma isikuandmete t\u00f6\u00f6tlemisega j\u00e4rgmised \u00f5igused:<br \/>10.1.1. \u00f5igus taotleda ebapiisavate, mittet\u00e4ielike v\u00f5i eba\u00f5igete isikuandmete parandamist;<br \/>10.1.2. \u00f5igus esitada vastuv\u00e4iteid oma isikuandmete t\u00f6\u00f6tlemisele, kui andmete t\u00f6\u00f6tlemine toimub \u00f5igustatud huvi alusel v\u00f5i Kliendi n\u00f5usoleku alusel (nt turundusmaterjalide edastamine v\u00f5i k\u00fcsitlustes osalemine);<br \/>10.1.3. \u00f5igus saada teavet selle kohta, kas Trigon t\u00f6\u00f6tleb tema isikuandmeid, ja \u00f5igus saada juurdep\u00e4\u00e4s neile andmetele;<br \/>10.1.4. \u00f5igus piirata oma isikuandmete t\u00f6\u00f6tlemist;<br \/>10.1.5. \u00f5igus saada oma esitatud ja Trigoni poolt n\u00f5usoleku alusel v\u00f5i lepingu t\u00e4itmiseks t\u00f6\u00f6deldud isikuandmeid ning edastada need andmed teisele teenusepakkujale, kui see on tehniliselt v\u00f5imalik (andmete \u00fclekantavus);<br \/>10.1.6. \u00f5igus v\u00f5tta tagasi oma n\u00f5usolek isikuandmete t\u00f6\u00f6tlemiseks. N\u00f5usoleku tagasiv\u00f5tmine ei ole tagasiulatuv;<br \/>10.1.7. \u00f5igus mitte olla ainult automatiseeritud t\u00f6\u00f6tlemisel p\u00f5hineva otsuse, sealhulgas profiilianal\u00fc\u00fcsi, objektiks, mis tekitab talle \u00f5iguslikke tagaj\u00e4rgi v\u00f5i m\u00f5jutab teda oluliselt muul sarnasel viisil;<br \/>10.1.8. \u00f5igus esitada kaebus Andmekaitse Inspektsioonile (koduleht: <a href=\"http:\/\/www.aki.ee\" target=\"_new\" rel=\"noopener\">www.aki.ee<\/a>), kui Klient leiab, et tema isikuandmete t\u00f6\u00f6tlemine rikub tema \u00f5igusi vastavalt kohaldatavale seadusandlusele.<\/p><h3>\u00a0<\/h3><h3><strong>11. K\u00fcpsised<\/strong><\/h3><p>11.1. Trigoni hallatav veebileht <a href=\"http:\/\/www.trigonproperty.com\" target=\"_new\" rel=\"noopener\">www.trigonproperty.com<\/a> kasutab k\u00fcpsiseid, et muuta veebilehe kasutuskogemus mugavamaks ja sujuvamaks.<br \/>11.2. K\u00fcpsis on v\u00e4ike tekstifail, mille veebilehitseja salvestab automaatselt kasutaja seadmesse.<br \/>11.3. Trigon kasutab k\u00fcpsiseid, et koguda anon\u00fc\u00fcmset ja \u00fcldist statistikat veebilehe k\u00fclastajate arvu ning veebilehe kasutamise kohta, et parandada veebilehe kasutajas\u00f5bralikkust.<br \/>11.4. K\u00fcpsiste kasutamisest v\u00f5ib keelduda v\u00f5i neid blokeerida seadmes, kuid see v\u00f5ib t\u00e4hendada, et veebileht ei toimi korralikult ja k\u00f5ik teenused ei pruugi olla k\u00e4ttesaadavad. K\u00fcpsistest keeldumiseks v\u00f5i nende blokeerimiseks tuleb muuta veebilehitseja seadeid.<\/p><h3>\u00a0<\/h3><h3><strong>12. Reeglite kehtivus ja muutmine<\/strong><\/h3><p>12.1. Reeglid on Klientidele k\u00e4ttesaadavad Trigoni kontoris ja veebilehel <a href=\"http:\/\/www.trigonproperty.com\" target=\"_new\" rel=\"noopener\">www.trigonproperty.com<\/a>.<br \/>12.2. Trigon v\u00f5ib k\u00e4esolevaid Reegleid \u00fchepoolselt muuta, j\u00e4rgides kehtiva seadusandluse s\u00e4tteid.<br \/>12.3. Trigon teavitab Kliente muudatustest oma veebilehel <a href=\"http:\/\/www.trigonproperty.com\" target=\"_new\" rel=\"noopener\">www.trigonproperty.com<\/a>\u00a0v\u00f5i muul viisil (nt e-posti v\u00f5i Kliendi poolt Trigonile k\u00e4ttesaadavaks tehtud kontaktide kaudu), v\u00e4hemalt \u00fcks kuu enne muudatuste j\u00f5ustumist.<\/p><h3>\u00a0<\/h3><h3><strong>13. Kontaktandmed<\/strong><\/h3><p>Kliendid v\u00f5ivad Trigoniga \u00fchendust v\u00f5tta taotluste esitamiseks v\u00f5i n\u00f5usoleku tagasiv\u00f5tmiseks. Erakliendid v\u00f5ivad Trigoniga \u00fchendust v\u00f5tta ka seoses oma isikuandmete t\u00f6\u00f6tlemisega seotud \u00f5iguste kasutamise v\u00f5i isikuandmete t\u00f6\u00f6tlemise kohta kaebuste esitamisega, kasutades j\u00e4rgmisi kontaktandmeid:<\/p><p>AS Trigon Property Development<br \/>P\u00e4rnu mnt 18, Tallinn 10141<br \/><a href=\"mailto:info@trigonproperty.com\">info@trigonproperty.com<\/a><\/p>\t\t\t\t\t\t\t\t<\/div>\n\t\t\t\t<\/div>\n\t\t\t\t\t<\/div>\n\t\t\t\t<\/div>\n\t\t\t\t<\/div>\n\t\t","protected":false},"excerpt":{"rendered":"<p>Privaatsuspoliitika Privaatsuspoliitika (edaspidi \u201eReeglid\u201c) reguleerib isikuandmete t\u00f6\u00f6tlemist AS Trigon Property Developmenti ja Trigon Capital Groupi kuuluvate ettev\u00f5tete (edaspidi \u00fchiselt \u201eTrigon\u201c) [&hellip;]<\/p>\n","protected":false},"author":1,"featured_media":0,"parent":0,"menu_order":0,"comment_status":"closed","ping_status":"open","template":"","meta":{"site-sidebar-layout":"default","site-content-layout":"","ast-site-content-layout":"default","site-content-style":"default","site-sidebar-style":"default","ast-global-header-display":"","ast-banner-title-visibility":"","ast-main-header-display":"","ast-hfb-above-header-display":"","ast-hfb-below-header-display":"","ast-hfb-mobile-header-display":"","site-post-title":"disabled","ast-breadcrumbs-content":"","ast-featured-img":"","footer-sml-layout":"","ast-disable-related-posts":"","theme-transparent-header-meta":"default","adv-header-id-meta":"","stick-header-meta":"","header-above-stick-meta":"","header-main-stick-meta":"","header-below-stick-meta":"","astra-migrate-meta-layouts":"set","ast-page-background-enabled":"default","ast-page-background-meta":{"desktop":{"background-color":"","background-image":"","background-repeat":"repeat","background-position":"center center","background-size":"auto","background-attachment":"scroll","background-type":"","background-media":"","overlay-type":"","overlay-color":"","overlay-opacity":"","overlay-gradient":""},"tablet":{"background-color":"","background-image":"","background-repeat":"repeat","background-position":"center center","background-size":"auto","background-attachment":"scroll","background-type":"","background-media":"","overlay-type":"","overlay-color":"","overlay-opacity":"","overlay-gradient":""},"mobile":{"background-color":"","background-image":"","background-repeat":"repeat","background-position":"center center","background-size":"auto","background-attachment":"scroll","background-type":"","background-media":"","overlay-type":"","overlay-color":"","overlay-opacity":"","overlay-gradient":""}},"ast-content-background-meta":{"desktop":{"background-color":"var(--ast-global-color-5)","background-image":"","background-repeat":"repeat","background-position":"center center","background-size":"auto","background-attachment":"scroll","background-type":"","background-media":"","overlay-type":"","overlay-color":"","overlay-opacity":"","overlay-gradient":""},"tablet":{"background-color":"var(--ast-global-color-5)","background-image":"","background-repeat":"repeat","background-position":"center center","background-size":"auto","background-attachment":"scroll","background-type":"","background-media":"","overlay-type":"","overlay-color":"","overlay-opacity":"","overlay-gradient":""},"mobile":{"background-color":"var(--ast-global-color-5)","background-image":"","background-repeat":"repeat","background-position":"center center","background-size":"auto","background-attachment":"scroll","background-type":"","background-media":"","overlay-type":"","overlay-color":"","overlay-opacity":"","overlay-gradient":""}},"footnotes":""},"class_list":["post-2993","page","type-page","status-publish","hentry"],"aioseo_notices":[],"_links":{"self":[{"href":"https:\/\/trigonproperty.com\/et\/wp-json\/wp\/v2\/pages\/2993","targetHints":{"allow":["GET"]}}],"collection":[{"href":"https:\/\/trigonproperty.com\/et\/wp-json\/wp\/v2\/pages"}],"about":[{"href":"https:\/\/trigonproperty.com\/et\/wp-json\/wp\/v2\/types\/page"}],"author":[{"embeddable":true,"href":"https:\/\/trigonproperty.com\/et\/wp-json\/wp\/v2\/users\/1"}],"replies":[{"embeddable":true,"href":"https:\/\/trigonproperty.com\/et\/wp-json\/wp\/v2\/comments?post=2993"}],"version-history":[{"count":24,"href":"https:\/\/trigonproperty.com\/et\/wp-json\/wp\/v2\/pages\/2993\/revisions"}],"predecessor-version":[{"id":3082,"href":"https:\/\/trigonproperty.com\/et\/wp-json\/wp\/v2\/pages\/2993\/revisions\/3082"}],"wp:attachment":[{"href":"https:\/\/trigonproperty.com\/et\/wp-json\/wp\/v2\/media?parent=2993"}],"curies":[{"name":"wp","href":"https:\/\/api.w.org\/{rel}","templated":true}]}}